{"id":5879,"date":"2015-11-17T19:26:19","date_gmt":"2015-11-17T17:26:19","guid":{"rendered":"http:\/\/www.baronrenouard.com\/blog\/?page_id=5879"},"modified":"2022-01-17T11:20:14","modified_gmt":"2022-01-17T09:20:14","slug":"loeuvre","status":"publish","type":"page","link":"https:\/\/www.baronrenouard.com\/blog\/loeuvre\/","title":{"rendered":"L&rsquo;\u0153uvre"},"content":{"rendered":"\n<p>Aux termes d\u2019une longue \u00e9volution, Baron-Renouard est devenu dans son expression picturale un repr\u00e9sentant de ce que Lydia Harambourg et\u00a0Henry Galy-Carles appellent le <em><strong>Paysagisme abstrait <\/strong>ou<\/em> <em><strong>Naturalisme Imaginaire Abstrait<\/strong><\/em>. <\/p>\n\n\n\n<p>Peintre de l&rsquo;<strong>\u00c9cole de Paris<\/strong>, la composition de ses toiles ob\u00e9it \u00e0 une structure interne rigoureuse. Dans son oeuvre, la nature, source d&rsquo;inspiration privil\u00e9gi\u00e9e est per\u00e7ue \u00e0 travers le filtre de l&rsquo;imaginaire et se&nbsp;mue en abstraction.<\/p>\n\n\n\n<p>Les oeuvres de\u00a0Baron-Renouard sont pr\u00e9sentes dans de nombreuses collections \u00e0 travers le monde notamment aux Mus\u00e9e nationale d&rsquo;art moderne (France), Mus\u00e9e national de l&rsquo;art occidental (Japon), Fonds national d&rsquo;art contemporain, Mus\u00e9e Seiji Togo (Japon), Mus\u00e9e d&rsquo;Art Informel de Nakagawamura (Japon) et mus\u00e9es d&rsquo;Art Moderne de Los Angeles (USA), de Sofia (Bulgarie), de Mus\u00e9e Sursock Beyro (Liban)&#8230;.\u00a0<a href=\"http:\/\/www.baronrenouard.com\/blog\/presentationoeuvre\/\" title=\"Pr\u00e9sentation de l'Oeuvre\">Suite de la pr\u00e9sentation de l&rsquo;oeuvre.<\/a><\/p>\n\n\n\n<p><\/p>\n","protected":false},"excerpt":{"rendered":"<p>Aux termes d\u2019une longue \u00e9volution, Baron-Renouard est devenu dans son expression picturale un repr\u00e9sentant de ce que Lydia Harambourg et\u00a0Henry Galy-Carles appellent le Paysagisme abstrait ou Naturalisme Imaginaire Abstrait. Peintre de l&rsquo;\u00c9cole de Paris, la composition de ses toiles ob\u00e9it \u00e0 une structure interne rigoureuse. Dans son oeuvre, la nature, source d&rsquo;inspiration privil\u00e9gi\u00e9e est per\u00e7ue [&hellip;]<\/p>\n","protected":false},"author":1,"featured_media":0,"parent":0,"menu_order":0,"comment_status":"closed","ping_status":"closed","template":"templates\/template-courses.php","meta":{"_exactmetrics_skip_tracking":false,"_exactmetrics_sitenote_active":false,"_exactmetrics_sitenote_note":"","_exactmetrics_sitenote_category":0,"footnotes":""},"class_list":["post-5879","page","type-page","status-publish","hentry","latest_post"],"_links":{"self":[{"href":"https:\/\/www.baronrenouard.com\/blog\/wp-json\/wp\/v2\/pages\/5879"}],"collection":[{"href":"https:\/\/www.baronrenouard.com\/blog\/wp-json\/wp\/v2\/pages"}],"about":[{"href":"https:\/\/www.baronrenouard.com\/blog\/wp-json\/wp\/v2\/types\/page"}],"author":[{"embeddable":true,"href":"https:\/\/www.baronrenouard.com\/blog\/wp-json\/wp\/v2\/users\/1"}],"replies":[{"embeddable":true,"href":"https:\/\/www.baronrenouard.com\/blog\/wp-json\/wp\/v2\/comments?post=5879"}],"version-history":[{"count":55,"href":"https:\/\/www.baronrenouard.com\/blog\/wp-json\/wp\/v2\/pages\/5879\/revisions"}],"predecessor-version":[{"id":7756,"href":"https:\/\/www.baronrenouard.com\/blog\/wp-json\/wp\/v2\/pages\/5879\/revisions\/7756"}],"wp:attachment":[{"href":"https:\/\/www.baronrenouard.com\/blog\/wp-json\/wp\/v2\/media?parent=5879"}],"curies":[{"name":"wp","href":"https:\/\/api.w.org\/{rel}","templated":true}]}}