{"id":7453,"date":"2013-04-05T19:20:15","date_gmt":"2013-04-05T17:20:15","guid":{"rendered":"https:\/\/www.baronrenouard.com\/blog\/presentationoeuvre\/"},"modified":"2020-11-15T11:52:33","modified_gmt":"2020-11-15T09:52:33","slug":"presentationoeuvre","status":"publish","type":"page","link":"https:\/\/www.baronrenouard.com\/blog\/en\/presentationoeuvre\/","title":{"rendered":"ABSTRACTION &#8211; NON FIGURATION"},"content":{"rendered":"\n<p class=\"has-black-color has-text-color has-background\" style=\"background-color:#f0f2f3\">In addition to painting, Fran\u00e7ois Baron-Renouard devoted himself to the applied arts\u2014mosaics, stained glass, tapestry\u2014and through salons and international biennales undertook a stunning profusion of activity in conjunction with his numerous responsibilities in service to fellow artists. His multiple journeys, from Brittany to Japan, inspire informalist works suffused by the spirit of the new School of Paris. His paintings are poetic landscapes that are internal, labyrinthine, and cosmic all at once. Luminous and musical, this colourist\u2019s works exalt the spiritual richness and plenitude of a man and an artist whose language springs from a natural humanism.<\/p>\n\n\n","protected":false},"excerpt":{"rendered":"<p>Figure de l&#8217;abstraction fran\u00e7aise d&#8217;apr\u00e9s-guerre, Baron-Renouard (1918-2009) est un peintre de l&#8217;\u00c9cole de Paris. Officier d&#8217;aviation, artiste peintre et repr\u00e9sentant de la peinture fran\u00e7aise \u00e0 l&#8217;international, Baron-Renouard a fait partie dans les ann\u00e9es 50 et 60 du paysagisme abstrait et du naturalisme imaginaire abstrait tendances picturales de la Nouvelle\u2026<\/p>\n","protected":false},"author":1,"featured_media":7455,"parent":0,"menu_order":0,"comment_status":"closed","ping_status":"open","template":"","meta":{"_exactmetrics_skip_tracking":false,"_exactmetrics_sitenote_active":false,"_exactmetrics_sitenote_note":"","_exactmetrics_sitenote_category":0,"footnotes":""},"class_list":["post-7453","page","type-page","status-publish","has-post-thumbnail","hentry","latest_post"],"_links":{"self":[{"href":"https:\/\/www.baronrenouard.com\/blog\/en\/wp-json\/wp\/v2\/pages\/7453"}],"collection":[{"href":"https:\/\/www.baronrenouard.com\/blog\/en\/wp-json\/wp\/v2\/pages"}],"about":[{"href":"https:\/\/www.baronrenouard.com\/blog\/en\/wp-json\/wp\/v2\/types\/page"}],"author":[{"embeddable":true,"href":"https:\/\/www.baronrenouard.com\/blog\/en\/wp-json\/wp\/v2\/users\/1"}],"replies":[{"embeddable":true,"href":"https:\/\/www.baronrenouard.com\/blog\/en\/wp-json\/wp\/v2\/comments?post=7453"}],"version-history":[{"count":2,"href":"https:\/\/www.baronrenouard.com\/blog\/en\/wp-json\/wp\/v2\/pages\/7453\/revisions"}],"predecessor-version":[{"id":7462,"href":"https:\/\/www.baronrenouard.com\/blog\/en\/wp-json\/wp\/v2\/pages\/7453\/revisions\/7462"}],"wp:featuredmedia":[{"embeddable":true,"href":"https:\/\/www.baronrenouard.com\/blog\/en\/wp-json\/wp\/v2\/media\/7455"}],"wp:attachment":[{"href":"https:\/\/www.baronrenouard.com\/blog\/en\/wp-json\/wp\/v2\/media?parent=7453"}],"curies":[{"name":"wp","href":"https:\/\/api.w.org\/{rel}","templated":true}]}}