{"id":2,"date":"2012-06-16T18:44:04","date_gmt":"2012-06-16T18:44:04","guid":{"rendered":"http:\/\/www.baronrenouard.com\/Renouard\/?page_id=2"},"modified":"2014-05-22T12:41:47","modified_gmt":"2014-05-22T12:41:47","slug":"page-d-exemple","status":"publish","type":"page","link":"https:\/\/www.baronrenouard.com\/Renouard\/","title":{"rendered":"ACCUEIL"},"content":{"rendered":"<div id=\"attachment_36\" style=\"width: 160px\" class=\"wp-caption alignleft\"><a href=\"http:\/\/www.baronrenouard.com\/Renouard\/wp-content\/uploads\/2012\/06\/images.jpeg\"><img loading=\"lazy\" decoding=\"async\" aria-describedby=\"caption-attachment-36\" class=\" wp-image-36    \" title=\"Charles Paul Renouard\" src=\"http:\/\/www.baronrenouard.com\/Renouard\/wp-content\/uploads\/2012\/06\/images.jpeg\" alt=\"Charles Paul Renouard\" width=\"150\" height=\"174\" \/><\/a><p id=\"caption-attachment-36\" class=\"wp-caption-text\">Charles Paul Renouard par Jean Joseph Weerts, 1919<\/p><\/div>\n<p style=\"text-align: justify;\">Issu d&rsquo;une modeste famille de sabotier solognot Charles Paul Renouard usuellement\u00a0appel\u00e9 Paul Renouard part \u00e0 14 ans gagner sa vie \u00e0 Paris en tant que peintre en b\u00e2timent. Remarqu\u00e9 par la qualit\u00e9 de ses nombreux dessins, il entre en 1868 \u00e0 l&rsquo;Ecole des Beaux Arts dans l&rsquo;atelier de Pils. Il aide ce dernier \u00e0 ex\u00e9cuter les d\u00e9corations de l&rsquo;Op\u00e9ra et ex\u00e9cute en 1875 les fresques du plafond du grand escalier. D\u00e8s lors une incroyable carri\u00e8re s&rsquo;ouvre \u00e0 lui.<\/p>\n<p style=\"text-align: justify;\">De 1875 \u00e0 1880, il collabore \u00e0 l&rsquo;Art, \u00e0 l&rsquo;Illustration, \u00e0 Paris Illustr\u00e9 o\u00f9 il donne des s\u00e9ries d&rsquo;\u00e9tudes remarqu\u00e9es sur les danseuses, le monde du Palais de Justice, de la Bourse, du Parlement. <a href=\"http:\/\/www.baronrenouard.com\/Renouard\/?page_id=15\">En savoir plus<\/a><\/p>\n<p><script>\/\/ <![CDATA[\n  (function(i,s,o,g,r,a,m){i['GoogleAnalyticsObject']=r;i[r]=i[r]||function(){\n  (i[r].q=i[r].q||[]).push(arguments)},i[r].l=1*new Date();a=s.createElement(o),\n  m=s.getElementsByTagName(o)[0];a.async=1;a.src=g;m.parentNode.insertBefore(a,m)\n  })(window,document,'script','\/\/www.google-analytics.com\/analytics.js','ga');\n\n  ga('create', 'UA-50201797-1', 'baronrenouard.com');\n  ga('send', 'pageview');\n\n\/\/ ]]><\/script><\/p>\n","protected":false},"excerpt":{"rendered":"<p>Issu d&rsquo;une modeste famille de sabotier solognot Charles Paul Renouard usuellement\u00a0appel\u00e9 Paul Renouard part \u00e0 14 ans gagner sa vie \u00e0 Paris en tant que peintre en b\u00e2timent. Remarqu\u00e9 par la qualit\u00e9 de ses nombreux dessins, il entre en 1868 \u00e0 l&rsquo;Ecole des Beaux Arts dans l&rsquo;atelier de Pils. Il aide ce dernier \u00e0 ex\u00e9cuter [&hellip;]<\/p>\n","protected":false},"author":1,"featured_media":0,"parent":0,"menu_order":0,"comment_status":"closed","ping_status":"open","template":"","meta":{"ngg_post_thumbnail":0,"footnotes":""},"_links":{"self":[{"href":"https:\/\/www.baronrenouard.com\/Renouard\/wp-json\/wp\/v2\/pages\/2"}],"collection":[{"href":"https:\/\/www.baronrenouard.com\/Renouard\/wp-json\/wp\/v2\/pages"}],"about":[{"href":"https:\/\/www.baronrenouard.com\/Renouard\/wp-json\/wp\/v2\/types\/page"}],"author":[{"embeddable":true,"href":"https:\/\/www.baronrenouard.com\/Renouard\/wp-json\/wp\/v2\/users\/1"}],"replies":[{"embeddable":true,"href":"https:\/\/www.baronrenouard.com\/Renouard\/wp-json\/wp\/v2\/comments?post=2"}],"version-history":[{"count":27,"href":"https:\/\/www.baronrenouard.com\/Renouard\/wp-json\/wp\/v2\/pages\/2\/revisions"}],"predecessor-version":[{"id":863,"href":"https:\/\/www.baronrenouard.com\/Renouard\/wp-json\/wp\/v2\/pages\/2\/revisions\/863"}],"wp:attachment":[{"href":"https:\/\/www.baronrenouard.com\/Renouard\/wp-json\/wp\/v2\/media?parent=2"}],"curies":[{"name":"wp","href":"https:\/\/api.w.org\/{rel}","templated":true}]}}